{"id":290,"date":"2019-05-16T17:11:40","date_gmt":"2019-05-16T14:11:40","guid":{"rendered":"http:\/\/ozkorucu.com\/?page_id=290"},"modified":"2019-05-16T17:12:04","modified_gmt":"2019-05-16T14:12:04","slug":"plaka-tanima-sistemleri","status":"publish","type":"page","link":"http:\/\/www.ozkorucu.com\/index.php\/cozumlerimiz\/endustriyel-tesisler-goruntu-isleme-sistemleri\/plaka-tanima-sistemleri\/","title":{"rendered":"Plaka Tan\u0131ma Sistemleri"},"content":{"rendered":"\n<p><strong>Plaka Tan\u0131ma Sistemleri Hakk\u0131nda;<\/strong><\/p>\n\n\n\n<figure class=\"wp-block-image\"><img loading=\"lazy\" decoding=\"async\" width=\"641\" height=\"430\" src=\"http:\/\/ozkorucu.com\/wp-content\/uploads\/2019\/05\/RES\u0130M-1-15.jpg\" alt=\"\" class=\"wp-image-291\" srcset=\"http:\/\/www.ozkorucu.com\/wp-content\/uploads\/2019\/05\/RES\u0130M-1-15.jpg 641w, http:\/\/www.ozkorucu.com\/wp-content\/uploads\/2019\/05\/RES\u0130M-1-15-300x201.jpg 300w\" sizes=\"(max-width: 641px) 100vw, 641px\" \/><\/figure>\n\n\n\n<p>&nbsp;&nbsp; G\u00f6r\u00fcnt\u00fc\ni\u015fleme yaz\u0131l\u0131mlar\u0131 ve kameralar kullan\u0131larak geli\u015ftirdi\u011fimiz plaka tan\u0131mlama\nsistemleri ile trafik, ge\u00e7i\u015f kontrol\u00fc ve g\u00fcvenlik uygulamalar\u0131nda d\u00fcnya\nstandartlar\u0131nda \u00e7\u00f6z\u00fcmler sunmaktay\u0131z. Her sekt\u00f6r\u00fcn ve i\u015fletmenin farkl\u0131\ngereksinimleri oldu\u011funu g\u00f6z \u00f6n\u00fcnde bulundurarak \u00fcr\u00fcnlerimizi ve yaz\u0131l\u0131mlar\u0131m\u0131z\u0131\nfarkl\u0131 uygulamalara adapte ediyoruz. Plaka tan\u0131mlama sistemlerinde, takibi\nyap\u0131lan ara\u00e7lar\u0131n plaka numaralar\u0131 g\u00fc\u00e7l\u00fc kameralar ile yakalan\u0131r ve yaz\u0131l\u0131mlar\nile analiz edilerek veri taban\u0131na aktar\u0131l\u0131r.<\/p>\n\n\n\n<figure class=\"wp-block-image\"><img loading=\"lazy\" decoding=\"async\" width=\"1024\" height=\"434\" src=\"http:\/\/ozkorucu.com\/wp-content\/uploads\/2019\/05\/RES\u0130M-2-12-1024x434.jpg\" alt=\"\" class=\"wp-image-292\" srcset=\"http:\/\/www.ozkorucu.com\/wp-content\/uploads\/2019\/05\/RES\u0130M-2-12-1024x434.jpg 1024w, http:\/\/www.ozkorucu.com\/wp-content\/uploads\/2019\/05\/RES\u0130M-2-12-300x127.jpg 300w, http:\/\/www.ozkorucu.com\/wp-content\/uploads\/2019\/05\/RES\u0130M-2-12-768x325.jpg 768w, http:\/\/www.ozkorucu.com\/wp-content\/uploads\/2019\/05\/RES\u0130M-2-12.jpg 1509w\" sizes=\"(max-width: 1024px) 100vw, 1024px\" \/><\/figure>\n\n\n\n<p>\u00a0\u00a0 Ge\u00e7i\u015f kontrol uygulamalar\u0131m\u0131zda ge\u00e7i\u015f izni olan plaka numaralar\u0131 bir veritaban\u0131na \u00f6nceden kaydedilir. Plaka numaras\u0131 sistem taraf\u0131ndan tan\u0131nan ara\u00e7lar\u0131n ge\u00e7i\u015fine izin verilir. Ge\u00e7i\u015f izni olmayan ara\u00e7lar\u0131n plaka numaralar\u0131 sistem taraf\u0131ndan alg\u0131land\u0131\u011f\u0131 anda uyar\u0131 sistemi devreye girer ve uygulaman\u0131n \u00f6zelli\u011fine g\u00f6re bir bariyer veya alarm\u0131n devreye girmesi ile arac\u0131n ge\u00e7i\u015fi engellenir. Trafik uygulamalar\u0131nda ise park yeri olamayan alanlarda park etmi\u015f olan ara\u00e7lar\u0131n tespiti, aranmakta olan ara\u00e7lar\u0131n\u0131n yerinin tespiti, belirlenen noktalardan belli bir s\u00fcre i\u00e7inde ge\u00e7en ara\u00e7 say\u0131s\u0131n\u0131n ve plakalar\u0131n\u0131n tespit edilmesi gibi i\u015flemler rahatl\u0131kla ger\u00e7ekle\u015ftirilebilir. Yollarda, b\u00fcy\u00fck al\u0131\u015fveri\u015f merkezlerinde, havaalanlar\u0131nda ve ara\u00e7 giri\u015f-\u00e7\u0131k\u0131\u015f\u0131n\u0131n oldu\u011fu her alanda bu sistem yard\u0131m\u0131yla g\u00fcvenlik ve d\u00fczen sa\u011flanabilir.<\/p>\n\n\n\n<div class=\"wp-block-image\"><figure class=\"aligncenter\"><img loading=\"lazy\" decoding=\"async\" width=\"600\" height=\"280\" src=\"http:\/\/ozkorucu.com\/wp-content\/uploads\/2019\/05\/RES\u0130M-3-7.jpg\" alt=\"\" class=\"wp-image-293\" srcset=\"http:\/\/www.ozkorucu.com\/wp-content\/uploads\/2019\/05\/RES\u0130M-3-7.jpg 600w, http:\/\/www.ozkorucu.com\/wp-content\/uploads\/2019\/05\/RES\u0130M-3-7-300x140.jpg 300w\" sizes=\"(max-width: 600px) 100vw, 600px\" \/><\/figure><\/div>\n\n\n\n<div class=\"wp-block-image\"><figure class=\"aligncenter\"><img loading=\"lazy\" decoding=\"async\" width=\"500\" height=\"400\" src=\"http:\/\/ozkorucu.com\/wp-content\/uploads\/2019\/05\/RES\u0130M-4-6.jpg\" alt=\"\" class=\"wp-image-294\" srcset=\"http:\/\/www.ozkorucu.com\/wp-content\/uploads\/2019\/05\/RES\u0130M-4-6.jpg 500w, http:\/\/www.ozkorucu.com\/wp-content\/uploads\/2019\/05\/RES\u0130M-4-6-300x240.jpg 300w\" sizes=\"(max-width: 500px) 100vw, 500px\" \/><\/figure><\/div>\n","protected":false},"excerpt":{"rendered":"<p>Plaka Tan\u0131ma Sistemleri Hakk\u0131nda; &nbsp;&nbsp; G\u00f6r\u00fcnt\u00fc i\u015fleme yaz\u0131l\u0131mlar\u0131 ve kameralar kullan\u0131larak geli\u015ftirdi\u011fimiz plaka tan\u0131mlama sistemleri ile trafik, ge\u00e7i\u015f kontrol\u00fc ve g\u00fcvenlik uygulamalar\u0131nda d\u00fcnya standartlar\u0131nda \u00e7\u00f6z\u00fcmler sunmaktay\u0131z. Her sekt\u00f6r\u00fcn ve i\u015fletmenin farkl\u0131 gereksinimleri oldu\u011funu g\u00f6z \u00f6n\u00fcnde bulundurarak \u00fcr\u00fcnlerimizi ve yaz\u0131l\u0131mlar\u0131m\u0131z\u0131 farkl\u0131 uygulamalara adapte ediyoruz. Plaka tan\u0131mlama sistemlerinde, takibi yap\u0131lan ara\u00e7lar\u0131n plaka numaralar\u0131 g\u00fc\u00e7l\u00fc kameralar ile yakalan\u0131r [&hellip;]<\/p>\n","protected":false},"author":1,"featured_media":0,"parent":145,"menu_order":2,"comment_status":"closed","ping_status":"closed","template":"","meta":{"footnotes":""},"_links":{"self":[{"href":"http:\/\/www.ozkorucu.com\/index.php\/wp-json\/wp\/v2\/pages\/290"}],"collection":[{"href":"http:\/\/www.ozkorucu.com\/index.php\/wp-json\/wp\/v2\/pages"}],"about":[{"href":"http:\/\/www.ozkorucu.com\/index.php\/wp-json\/wp\/v2\/types\/page"}],"author":[{"embeddable":true,"href":"http:\/\/www.ozkorucu.com\/index.php\/wp-json\/wp\/v2\/users\/1"}],"replies":[{"embeddable":true,"href":"http:\/\/www.ozkorucu.com\/index.php\/wp-json\/wp\/v2\/comments?post=290"}],"version-history":[{"count":2,"href":"http:\/\/www.ozkorucu.com\/index.php\/wp-json\/wp\/v2\/pages\/290\/revisions"}],"predecessor-version":[{"id":296,"href":"http:\/\/www.ozkorucu.com\/index.php\/wp-json\/wp\/v2\/pages\/290\/revisions\/296"}],"up":[{"embeddable":true,"href":"http:\/\/www.ozkorucu.com\/index.php\/wp-json\/wp\/v2\/pages\/145"}],"wp:attachment":[{"href":"http:\/\/www.ozkorucu.com\/index.php\/wp-json\/wp\/v2\/media?parent=290"}],"curies":[{"name":"wp","href":"https:\/\/api.w.org\/{rel}","templated":true}]}}